{"id":1352,"date":"2022-01-17T14:13:06","date_gmt":"2022-01-17T13:13:06","guid":{"rendered":"https:\/\/templari.yourconsulting.best\/?page_id=1352"},"modified":"2022-01-17T14:13:06","modified_gmt":"2022-01-17T13:13:06","slug":"energy-label","status":"publish","type":"page","link":"https:\/\/templa.kosoweb.it\/de\/energy-label\/","title":{"rendered":"Energy label"},"content":{"rendered":"\n<div class=\"wp-block-columns is-layout-flex wp-container-core-columns-is-layout-9d6595d7 wp-block-columns-is-layout-flex\">\n<div class=\"wp-block-column is-layout-flow wp-block-column-is-layout-flow\">\n<h4 class=\"wp-block-heading\">KITA DIE ERSTE DER KLASSE\u2026 ENERGETISCHEN KLASSE<\/h4>\n\n\n\n<p>Die W\u00e4rmepumpen KITA welche f\u00fcr das Heizen und die ACS-Erzeugung eingesetzt werden haben in den <a href=\"https:\/\/templa.kosoweb.it\/de\/ehpa\/\">WPZ<\/a> Tests gezeigt, das unsere W\u00e4rmepumpen bestanden haben, dass sie gro\u00dfe Leistung besitzen um gegen die Geothermik anzukommen und das mit einer wesentlich geringeren Investition.<br>Die Leistungszahl von einem Prozentsatzes von 190,7% bringt Kita in der Energieeffizienzklasse A +++,die h\u00f6chste und effizienteste, die somit zu einer hoher Einsparung und minimalen Umweltverschmutzung f\u00fchrt.<br>Dennoch, im Moment, ist in den Energielabels die Energieeffizienzklasse A++ angegeben. Dies liegt an der Tatsache, dass die Stromregulierung der Energieklassen in W\u00e4rmepumpen diesen nicht vor 2019 erlaubt die Kategorie A +++ in den Energielabeln anzugeben. Allerdings k\u00f6nnen wir jedes Detail der Untersuchungen als Demonstration der erreichten Qualit\u00e4t vorweisen.<br>Kita, zertifiziert mit einem SCOP von 4,93, ist die geeignete W\u00e4rmepumpe um ein Maximum an Komfort mit niedrigsten Kosten zu gew\u00e4hrleisten.<\/p>\n\n\n\n<p><\/p>\n<\/div>\n\n\n\n<div class=\"wp-block-column is-layout-flow wp-block-column-is-layout-flow\">\n<div class=\"wp-block-image\"><figure class=\"aligncenter size-full\"><img loading=\"lazy\" decoding=\"async\" width=\"315\" height=\"600\" src=\"https:\/\/templa.kosoweb.it\/wp-content\/uploads\/2021\/10\/Kita-L-Split-Risc-ACS_600.jpg\" alt=\"\" class=\"wp-image-652\" srcset=\"https:\/\/templa.kosoweb.it\/wp-content\/uploads\/2021\/10\/Kita-L-Split-Risc-ACS_600.jpg 315w, https:\/\/templa.kosoweb.it\/wp-content\/uploads\/2021\/10\/Kita-L-Split-Risc-ACS_600-158x300.jpg 158w\" sizes=\"auto, (max-width: 315px) 100vw, 315px\" \/><\/figure><\/div>\n\n\n\n<p><\/p>\n<\/div>\n<\/div>\n\n\n\n<h4 class=\"wp-block-heading\">WIE DIE ENERGY LABEL ZU LESEN SIND<\/h4>\n\n\n\n<p>Die Energieetikette, oder Energy Label, fassen die energetische Effizienz eines Produkts zusammen und geben dem Verbraucher die M\u00f6glichkeit die Vergleichsinformationen zu visualisieren. Bereits jetzt ist es m\u00f6glich festzustellen, das die W\u00e4rmepumpen oben auf der Rangliste stehen. Die Produkt\u00fcbersicht enth\u00e4lt die technischen Parameter, j\u00e4hrliche Verbrauchsdaten, Installation, und Instandhaltung. Der Zweck der europ\u00e4ischen Vorschrift ist es, die Benutzer auf die Heizungstechnik und Effizienz von ACS Produktion aus energetischer Sicht zu hinzuweisen und anzuleiten, um Schadstoffemissionen zu reduzieren und die nachhaltigen Entwicklung zu f\u00f6rdern.<\/p>\n\n\n\n<p>Die wichtigsten Daten einer Energy Label sind:<\/p>\n\n\n\n<ul class=\"wp-block-list\"><li>Die Energieeffizienzklasse<br>Die effizienteste Klasse ist A+++ und die schlechteste G. Die Effizienzklasse wird f\u00fcr W\u00e4rmepumpen, nach einem Saisonleistungsindex festgelegt. Die W\u00e4rmepumpe mit der besten verf\u00fcgbaren Technologie ist bereits in der Klasse A++. Heute fallen die weniger effizienten W\u00e4rmepumpen nicht unterhalb der Klasse A.<\/li><li>Stand der Schallleistung<br>In der Produkt\u00fcbersicht sind die Werte der Schallleistung f\u00fcr au\u00dfen und\/oder innen hinsichtlich der Umgebung aufgelistet. Bestimmte Schwellenwerte in Abh\u00e4ngigkeit von der W\u00e4rmekraftmaschine d\u00fcrfen nicht \u00fcberstiegen werden.<\/li><li>Nennw\u00e4rmeleistung f\u00fcr Klimazone<br>Die Nennw\u00e4rmleistung ist die bezeichnende Projekt-Leistung des W\u00e4rmebedarfs des Geb\u00e4udes, welches von der Maschine befriedigt wird. Diese Leistung ist f\u00fcr drei klimatische Zust\u00e4nde festgelegt.<\/li><\/ul>\n\n\n\n<p>Die Energie Label sind in 3 Typen von Maschinen geteilt:<\/p>\n\n\n\n<ul class=\"wp-block-list\"><li>W\u00e4rmepumpe mit mittlerer Temperatur;<\/li><li>W\u00e4rmepumpe mit Niedrigtemperatur;<\/li><li>Gemischte W\u00e4rmepumpe f\u00fcr die Erzeugung von w\u00e4rme und Sanit\u00e4r-warmwasser.<\/li><\/ul>\n\n\n\n<p>Die W\u00e4rmepumpen mit mittlerer Temperatur, liefern Temperaturen von 55\u00b0C. Die W\u00e4rmepumpen, die nicht die 55\u00b0C erreichen, sind als Niedrigtemperaturpumpen gekennzeichnet, das hei\u00dft, eine Temperatur von 35\u00b0C. Die Label der Pumpen stellen die Energieeffizienzklasse f\u00fcr niedrig Temperatur- und mittel Temperaturpumpen dar, das bedeutet dass eine Vergleichung diese zwei Arten von Pumpen immer m\u00f6glich ist. Die gemischten Pumpen sind Mittelpumpen welche auch hei\u00dfes Trink- und Sanit\u00e4rwasser zur Verf\u00fcgung stellen. Daher bewertet die Klasse sowohl den Wert f\u00fcr die Heizleistung als auch f\u00fcr die Gesundheit.<\/p>\n\n\n\n<p><\/p>\n\n\n\n<p>Die beste Klasse, die die gr\u00f6\u00dften Einsparungen erlaubt, ist in der Effizienzklasse A+++ , aber diese kann auf den einzelnen Ger\u00e4te erst ab 2019 Verwendung finden. Die Klasse A+++ kann auch durch die Kombination einer W\u00e4rmepumpe mit einem gutem Steuersystem, so genannten &#8222;kompltetten Apparaturen&#8220;, erreicht werden. Diejenigen, die diesen Ausr\u00fcstungssatz vertreiben, m\u00fcssen jede Komponente mit einem eigenen Energielabel ausstatten.<\/p>\n\n\n\n<p>Die wichtigsten Parameter welche auf den Zubeh\u00f6rs\u00e4tzen angegeben werden, m\u00fcssen sind:<\/p>\n\n\n\n<ul class=\"wp-block-list\"><li>Die Klasse der energetische Leistung des Hauptgenerators in Hei\u00df- oder Mischfunktion (Heizung und ACS);<\/li><li>Verschiedenen Komponenten des Satzes;<\/li><li>Die energetische Effizientzklasse des Satzes, in warmem Funktion oder ACS hei\u00dfem Funktion.<\/li><\/ul>\n\n\n\n<p>F\u00fcr Produkte ist das Label ein g\u00fcltiges Qualit\u00e4tssigel f\u00fcr einen Vergleich und Kontrolle der Qualit\u00e4t. F\u00fcr Ger\u00e4te ist das Energielabel eine Echtheitzertifikat, jede Anlage ist eine Unabh\u00e4ngige Instanz welche auch separat funktioniert.<\/p>\n\n\n\n<p><\/p>\n\n\n\n<h4 class=\"wp-block-heading\">Verpflichtungen und Verantwortlichkeiten<\/h4>\n\n\n\n<p>Von September 2015 an sind Lieferanten, Installateure und H\u00e4ndler verantwortlich f\u00fcr das, was sie ihren Kunden anbieten.<br>F\u00fcr Anbieter, wird typischerweise das Energielabel nicht an der Maschine angebracht, aber es ist in dem Lieferumfang, zusammen mit dem Produkt enthalten. Die Lieferanten m\u00fcssen auch eine technische Dokumentation mit liefern um die Genauigkeit der angegebenen Daten zu erfassen.<br>Die Verteiler sind erforderlich, um angemessen die Etiketten auszusetzen, sowohl f\u00fcr die Ausstellung und den Verkauf.<br>Die Installateure, die in einem Verbundsystem im Dienst gestellt sind, haben die Verpflichtung in eigener Verantwortung um die Energieeffizienzklasse und die Energy Label an den Kunden vorgeschlagen Anlage zu geben.<\/p>\n","protected":false},"excerpt":{"rendered":"<p>KITA DIE ERSTE DER KLASSE\u2026 ENERGETISCHEN KLASSE Die W\u00e4rmepumpen KITA welche f\u00fcr das Heizen und die ACS-Erzeugung eingesetzt werden haben in den WPZ Tests gezeigt, das unsere W\u00e4rmepumpen bestanden haben, dass sie gro\u00dfe Leistung besitzen um gegen die Geothermik anzukommen und das mit einer wesentlich geringeren Investition.Die Leistungszahl von einem Prozentsatzes von 190,7% bringt Kita [&hellip;]<\/p>\n","protected":false},"author":1,"featured_media":0,"parent":0,"menu_order":0,"comment_status":"closed","ping_status":"closed","template":"","meta":{"footnotes":""},"class_list":["post-1352","page","type-page","status-publish","hentry"],"acf":[],"_links":{"self":[{"href":"https:\/\/templa.kosoweb.it\/de\/wp-json\/wp\/v2\/pages\/1352","targetHints":{"allow":["GET"]}}],"collection":[{"href":"https:\/\/templa.kosoweb.it\/de\/wp-json\/wp\/v2\/pages"}],"about":[{"href":"https:\/\/templa.kosoweb.it\/de\/wp-json\/wp\/v2\/types\/page"}],"author":[{"embeddable":true,"href":"https:\/\/templa.kosoweb.it\/de\/wp-json\/wp\/v2\/users\/1"}],"replies":[{"embeddable":true,"href":"https:\/\/templa.kosoweb.it\/de\/wp-json\/wp\/v2\/comments?post=1352"}],"version-history":[{"count":2,"href":"https:\/\/templa.kosoweb.it\/de\/wp-json\/wp\/v2\/pages\/1352\/revisions"}],"predecessor-version":[{"id":1354,"href":"https:\/\/templa.kosoweb.it\/de\/wp-json\/wp\/v2\/pages\/1352\/revisions\/1354"}],"wp:attachment":[{"href":"https:\/\/templa.kosoweb.it\/de\/wp-json\/wp\/v2\/media?parent=1352"}],"curies":[{"name":"wp","href":"https:\/\/api.w.org\/{rel}","templated":true}]}}