{"id":1358,"date":"2022-01-17T14:22:25","date_gmt":"2022-01-17T13:22:25","guid":{"rendered":"https:\/\/templari.yourconsulting.best\/?page_id=1358"},"modified":"2022-01-17T23:28:34","modified_gmt":"2022-01-17T22:28:34","slug":"ehpa-quality-label","status":"publish","type":"page","link":"https:\/\/templa.kosoweb.it\/de\/ehpa-quality-label\/","title":{"rendered":"EHPA Quality Label"},"content":{"rendered":"\n<div class=\"wp-block-columns is-layout-flex wp-container-core-columns-is-layout-9d6595d7 wp-block-columns-is-layout-flex\">\n<div class=\"wp-block-column is-layout-flow wp-block-column-is-layout-flow\">\n<p>Das W\u00e4rmepumpen-G\u00fctesiegel bezieht sich auf die W\u00e4rmepumpe und ihre technischen Eigenschaften, Vertriebs-, Verkaufsund Planungsunterlagen, sowie die Serviceorganisation.<br>F\u00fcr die Erteilung des W\u00e4rmepumpen-G\u00fctesiegels werden zwei Anforderungskomplexe gepr\u00fcft:<\/p>\n\n\n\n<ul class=\"wp-block-list\"><li>die technischen Anforderungen an die W\u00e4rmepumpe nach EHPA-W\u00e4rmepumpenPr\u00fcfreglement<\/li><li>die Vertriebs-, Verkaufs-, Planungs-, Service- und Betriebsunterlagen<\/li><\/ul>\n\n\n\n<p>Das G\u00fctesiegel ist jeweils in dem EHPA-Land g\u00fcltig, in welchem ein individueller Antrag gestellt und von der GS-Kommission des betreffenden Landes gutgeheissen wurde. Ein separater Antrag ist f\u00fcr jedes Land und jede Vertriebsorganisation notwendig<\/p>\n\n\n\n<p>Technische Pr\u00fcfung<\/p>\n\n\n\n<p>Zur Erlangung des G\u00fctesiegels wird eine vollst\u00e4ndige technische Pr\u00fcfung nach dem EHPA-W\u00e4rmepumpen Pr\u00fcfreglement, basierend auf aktuellen CEN Standards, verlangt. Diese Pr\u00fcfung muss bei einer vom EHPA autorisierten Pr\u00fcfinstitution durchgef\u00fchrt werden.<\/p>\n\n\n\n<p>Die W\u00e4rmepumpen-Pr\u00fcfstelle misst und pr\u00fcft die COP-Werte bzw. die COP-Mindestwerte, Leistungsdaten*<\/p>\n\n\n\n<p>TEMPLARI hat die notwendigen Testreihen und Zertifizierungen beim international renommierten W\u00e4rmepumpen-Testzentrum WPZ in Buchs durchf\u00fchren lassen.<\/p>\n\n\n\n<p>Mit der am WPZ durchgef\u00fchrten W\u00e4rmepumpen-Pr\u00fcfung konnte dann das internationale EHPA-G\u00fctesiegel erlangt werden.<\/p>\n\n\n\n<p>**Unter anderen sind auch folgende Pr\u00fcfverfahren beim WPZ anerkannt:<\/p>\n\n\n\n<ul class=\"wp-block-list\"><li>EHPA-Pr\u00fcfreglement<\/li><li>ErP-Richtlinien (EU)<\/li><li>Schallleistungspegelmessung nach EN 12102 und ISO EN 9614<\/li><\/ul>\n\n\n\n<p>e Sicherheit und die Schall-Leistung auf \u00dcbereinstimmung mit den Daten der Herstellerangaben. Das W\u00e4rmepumpen-Testzentrum Buchs WPZ ist eine akkreditierte Pr\u00fcfstelle nach EN 17025 und bietet umfassende Pr\u00fcfleistungen auf dem Gebiet der W\u00e4rmepumpentechnik an. Die Leistungspr\u00fcfung unserer Fachstelle umfasst die Ermittlung der Heiz- oder K\u00e4lteleistung sowie der entsprechenden Leistungszahlen (COP, EER). Dabei werden nach den Anforderungen der internationalen Pr\u00fcfnormen EN 14511, EN 14825 oder EN 16147 und den erweiterten Anforderungen des EHPA-Pr\u00fcfreglements, der ErP- oder NF-Richtlinien verfahren.<\/p>\n\n\n\n<p><\/p>\n\n\n\n<p>*Quelle: EHPA Pr\u00fcfreglement; https:\/\/www.fws.ch\/wp-content\/uploads\/2019\/06\/GS-Reglement-V-1.61.pdf<br>** Quelle: https:\/\/www.ntb.ch\/fue\/institute\/ies\/wpz\/<\/p>\n<\/div>\n\n\n\n<div class=\"wp-block-column is-layout-flow wp-block-column-is-layout-flow\">\n<figure class=\"wp-block-image size-large\"><img loading=\"lazy\" decoding=\"async\" width=\"769\" height=\"1024\" src=\"https:\/\/templa.kosoweb.it\/wp-content\/uploads\/2021\/10\/Quality-label-769x1024.jpg\" alt=\"\" class=\"wp-image-668\" srcset=\"https:\/\/templa.kosoweb.it\/wp-content\/uploads\/2021\/10\/Quality-label-769x1024.jpg 769w, https:\/\/templa.kosoweb.it\/wp-content\/uploads\/2021\/10\/Quality-label-225x300.jpg 225w, https:\/\/templa.kosoweb.it\/wp-content\/uploads\/2021\/10\/Quality-label-768x1022.jpg 768w, https:\/\/templa.kosoweb.it\/wp-content\/uploads\/2021\/10\/Quality-label-1154x1536.jpg 1154w, https:\/\/templa.kosoweb.it\/wp-content\/uploads\/2021\/10\/Quality-label.jpg 1440w\" sizes=\"auto, (max-width: 769px) 100vw, 769px\" \/><\/figure>\n<\/div>\n<\/div>\n","protected":false},"excerpt":{"rendered":"<p>Das W\u00e4rmepumpen-G\u00fctesiegel bezieht sich auf die W\u00e4rmepumpe und ihre technischen Eigenschaften, Vertriebs-, Verkaufsund Planungsunterlagen, sowie die Serviceorganisation.F\u00fcr die Erteilung des W\u00e4rmepumpen-G\u00fctesiegels werden zwei Anforderungskomplexe gepr\u00fcft: die technischen Anforderungen an die W\u00e4rmepumpe nach EHPA-W\u00e4rmepumpenPr\u00fcfreglement die Vertriebs-, Verkaufs-, Planungs-, Service- und Betriebsunterlagen Das G\u00fctesiegel ist jeweils in dem EHPA-Land g\u00fcltig, in welchem ein individueller Antrag gestellt und [&hellip;]<\/p>\n","protected":false},"author":1,"featured_media":0,"parent":0,"menu_order":0,"comment_status":"closed","ping_status":"closed","template":"","meta":{"footnotes":""},"class_list":["post-1358","page","type-page","status-publish","hentry"],"acf":[],"_links":{"self":[{"href":"https:\/\/templa.kosoweb.it\/de\/wp-json\/wp\/v2\/pages\/1358","targetHints":{"allow":["GET"]}}],"collection":[{"href":"https:\/\/templa.kosoweb.it\/de\/wp-json\/wp\/v2\/pages"}],"about":[{"href":"https:\/\/templa.kosoweb.it\/de\/wp-json\/wp\/v2\/types\/page"}],"author":[{"embeddable":true,"href":"https:\/\/templa.kosoweb.it\/de\/wp-json\/wp\/v2\/users\/1"}],"replies":[{"embeddable":true,"href":"https:\/\/templa.kosoweb.it\/de\/wp-json\/wp\/v2\/comments?post=1358"}],"version-history":[{"count":2,"href":"https:\/\/templa.kosoweb.it\/de\/wp-json\/wp\/v2\/pages\/1358\/revisions"}],"predecessor-version":[{"id":1480,"href":"https:\/\/templa.kosoweb.it\/de\/wp-json\/wp\/v2\/pages\/1358\/revisions\/1480"}],"wp:attachment":[{"href":"https:\/\/templa.kosoweb.it\/de\/wp-json\/wp\/v2\/media?parent=1358"}],"curies":[{"name":"wp","href":"https:\/\/api.w.org\/{rel}","templated":true}]}}