{"id":1367,"date":"2021-10-19T09:55:38","date_gmt":"2021-10-19T07:55:38","guid":{"rendered":"https:\/\/templari.yourconsulting.best\/epha-wpz\/"},"modified":"2022-01-17T14:34:28","modified_gmt":"2022-01-17T13:34:28","slug":"epha-wpz","status":"publish","type":"page","link":"https:\/\/templa.kosoweb.it\/de\/epha-wpz\/","title":{"rendered":"Epha \/ WPZ"},"content":{"rendered":"\n<h4 class=\"wp-block-heading\">WAS IST EHPA?<\/h4>\n\n\n\n<p>Die EHPA Vereinigung (European Heat Pump Association) ist in Br\u00fcssel aktiv um die Technologie von W\u00e4rmepumpen als umweltfreundliche Alternative zu f\u00f6rdern, und um die Nutzung erneuerbarer Energien zu erh\u00f6hen.<\/p>\n\n\n\n<p>Das EHPA G\u00fctezeichen, international anerkannt, zertifiziert die Effizienz und die hohe Qualit\u00e4t der W\u00e4rmepumpen.<\/p>\n\n\n\n<h4 class=\"wp-block-heading\">WIE BEKOMMT MAN DIE ZERTIFIZIERUNG?<\/h4>\n\n\n\n<p>Um die Zertifizierung EHPA zu bekommen, ist es n\u00f6tig viele qualitative Tests bei anerkannten Autorisierung Institutionen zu bestehen. Die EHPA Vereinigung bietet eine umfangreiche Liste von autorisierten Organisationen und Zentren, um Zertifizierung zu erteilen; am Anfang der Liste stehen WPZ Tests. Diese sind die am schwersten zu bestehende Tests und aus diesem Grund ist diese Zertifizierung die prestigetr\u00e4chtigste. Deswegen entscheidet Templari sich die W\u00e4rmepumpen in dem WPZ Institut zu zertifizieren.<\/p>\n\n\n\n<div class=\"wp-block-columns is-layout-flex wp-container-core-columns-is-layout-9d6595d7 wp-block-columns-is-layout-flex\"><\/div>\n\n\n\n<h4 class=\"wp-block-heading\">WAS IST WPZ<\/h4>\n\n\n\n<p>Das WPZ Institut, Buchs, in der Schweiz, um die W\u00e4rmepumpen zu pr\u00fcfen, ist ein autorisierte Pr\u00fcf- und Zertifizierungsstelle und bietet umfassende Tests f\u00fcr Hersteller und Gro\u00dfh\u00e4ndler. Die Tests \u00fcber die Performance der Maschinen legen die Bestimmung der W\u00e4rmeleistung und der Berechnung des COP (Coefficient of Performance oder Leistungskoeffizient) fest, zwei der wichtigsten Werte, um die Qualit\u00e4t der gepr\u00fcften Anlage zu verstehen.<\/p>\n\n\n\n<h4 class=\"wp-block-heading\">WIE DIE ERGEBNISSEN AUSZUWERTEN<\/h4>\n\n\n\n<p>Die WPZ Tests ergeben eine sehr wichtigen Datenvergleichsbasis. <strong>COP<\/strong>, Verh\u00e4ltnis zwischen der verwendeten Energie f\u00fcr den Betrieb der W\u00e4rmepumpe und die erzeugte Energie f\u00fcr die W\u00e4rmerzeugung, wird als Vergleichspunkt zwischen der Maschine und der Welt benutzt, um diese zu klassifizieren.; Um den Vergleich linearer zu gestalten, werden alle Werte in der konstanten Erzeugung von 35 \u00b0 C im Vergleich zu einer Au\u00dfentemperatur von 2 \u00b0 C aufgezeichnet. KITA Templari hat ein <strong>COP von 4,29<\/strong> und im Moment ist sie Weltf\u00fchrer unter den Einheiten mit Inverter- Technologie.<\/p>\n\n\n\n<p>Jedoch ergibt dieser Wert nur eine teilweise Absch\u00e4tzung der Qualit\u00e4t der W\u00e4rmepumpe. Es muss auch der <strong>SCOP<\/strong>, oder Saisonal COP gepr\u00fcft werden.<\/p>\n\n\n\n<p>Dieses Ergebnis wird unter Ber\u00fccksichtigung eines Langzeittest der W\u00e4rmepumpe ermittelt. Diese ist abh\u00e4ngig von der Leistung bei -10 \u00b0 bis + 15\u00b0C Au\u00dfenluft, Enteisungszyklen und von der Anpassungsf\u00e4higkeit des Ger\u00e4tes, wenn die Betriebsbedingungen sich \u00e4ndern. F\u00fcr KITA Templari ist der <strong>SCOP von 4,77<\/strong>, ein Wert, der mit der Performance der teuersten geothermischer Anlagen konkurrieren kann.<\/p>\n\n\n\n<p>Diese Gesamtdaten f\u00fchren zu einem Koeffizienten von prim\u00e4ren Effizienzprozentsatz welcher f\u00fcr KITA bei 190,7%, liegt. Ein Wert, der zu den h\u00f6chsten in der Welt geh\u00f6rt und es uns erlaubt gr\u00f6\u00dftenteils unter die h\u00f6chste Energieeffizienzklasse A+++ zu fallen.<br>Denselben WPZ Test , welcher unter Betriebsbedingungen bei hohen Temperaturen (55\u00b0C) durchgef\u00fchrt wurde, garantieren die Vielseitigkeit der W\u00e4rmepumpen Kita, um hohe Temperaturen zu erreichen <strong>bei Vergleichsweise niedrigen Au\u00dfentemperatur von bis zu -20 \u00b0 C<\/strong> , ohne die Notwendigkeit einer Integration. Die W\u00e4rmepumpe Kita hat einen hohen SCOP-Wert auch bei 55\u00b0C, entspricht dieser 3,74.<\/p>\n\n\n\n<div class=\"wp-block-columns is-layout-flex wp-container-core-columns-is-layout-9d6595d7 wp-block-columns-is-layout-flex\">\n<div class=\"wp-block-column is-layout-flow wp-block-column-is-layout-flow\">\n<div class=\"wp-block-buttons is-layout-flex wp-block-buttons-is-layout-flex\">\n<div class=\"wp-block-button\"><a class=\"uk-button uk-button-primary\" href=\"\/wp-content\/uploads\/2021\/10\/LW-462-20-03_certificate_V01.pdf\" target=\"_blank\" rel=\"noreferrer noopener\">Kita L42 Split<\/a><\/div>\n\n\n\n<div class=\"wp-block-button\"><a class=\"uk-button uk-button-primary\" href=\"\/wp-content\/uploads\/2021\/10\/LW-458-19-71_Certificate_V02.pdf\" target=\"_blank\" rel=\"noreferrer noopener\">Kita M15 3Phase Split<\/a><\/div>\n<\/div>\n<\/div>\n\n\n\n<div class=\"wp-block-column is-layout-flow wp-block-column-is-layout-flow\">\n<figure class=\"wp-block-image size-large\"><img decoding=\"async\" src=\"https:\/\/templa.kosoweb.it\/wp-content\/uploads\/2016\/01\/WPZ-2-2-300.jpg\" alt=\"\"\/><\/figure>\n<\/div>\n<\/div>\n","protected":false},"excerpt":{"rendered":"<p>WAS IST EHPA? Die EHPA Vereinigung (European Heat Pump Association) ist in Br\u00fcssel aktiv um die Technologie von W\u00e4rmepumpen als umweltfreundliche Alternative zu f\u00f6rdern, und um die Nutzung erneuerbarer Energien zu erh\u00f6hen. Das EHPA G\u00fctezeichen, international anerkannt, zertifiziert die Effizienz und die hohe Qualit\u00e4t der W\u00e4rmepumpen. WIE BEKOMMT MAN DIE ZERTIFIZIERUNG? Um die Zertifizierung EHPA [&hellip;]<\/p>\n","protected":false},"author":1,"featured_media":0,"parent":0,"menu_order":0,"comment_status":"closed","ping_status":"closed","template":"","meta":{"footnotes":""},"class_list":["post-1367","page","type-page","status-publish","hentry"],"acf":[],"_links":{"self":[{"href":"https:\/\/templa.kosoweb.it\/de\/wp-json\/wp\/v2\/pages\/1367","targetHints":{"allow":["GET"]}}],"collection":[{"href":"https:\/\/templa.kosoweb.it\/de\/wp-json\/wp\/v2\/pages"}],"about":[{"href":"https:\/\/templa.kosoweb.it\/de\/wp-json\/wp\/v2\/types\/page"}],"author":[{"embeddable":true,"href":"https:\/\/templa.kosoweb.it\/de\/wp-json\/wp\/v2\/users\/1"}],"replies":[{"embeddable":true,"href":"https:\/\/templa.kosoweb.it\/de\/wp-json\/wp\/v2\/comments?post=1367"}],"version-history":[{"count":1,"href":"https:\/\/templa.kosoweb.it\/de\/wp-json\/wp\/v2\/pages\/1367\/revisions"}],"predecessor-version":[{"id":1369,"href":"https:\/\/templa.kosoweb.it\/de\/wp-json\/wp\/v2\/pages\/1367\/revisions\/1369"}],"wp:attachment":[{"href":"https:\/\/templa.kosoweb.it\/de\/wp-json\/wp\/v2\/media?parent=1367"}],"curies":[{"name":"wp","href":"https:\/\/api.w.org\/{rel}","templated":true}]}}